{"id":274,"date":"2019-06-11T20:00:02","date_gmt":"2019-06-11T18:00:02","guid":{"rendered":"http:\/\/www.thousandand.one\/?page_id=274"},"modified":"2019-10-30T19:06:45","modified_gmt":"2019-10-30T18:06:45","slug":"impressum","status":"publish","type":"page","link":"http:\/\/www.thousandand.one\/en\/impressum\/","title":{"rendered":"IMPRESSUM"},"content":{"rendered":"<div data-elementor-type=\"wp-post\" data-elementor-id=\"274\" class=\"elementor elementor-274\">\n\t\t\t\t\t\t\t\t\t<section class=\"elementor-section elementor-top-section elementor-element elementor-element-6c4b7281 elementor-hidden-phone elementor-section-boxed elementor-section-height-default elementor-section-height-default\" data-id=\"6c4b7281\" data-element_type=\"section\">\n\t\t\t\t\t\t<div class=\"elementor-container elementor-column-gap-wide\">\n\t\t\t\t\t<div class=\"elementor-column elementor-col-100 elementor-top-column elementor-element elementor-element-431ae146\" data-id=\"431ae146\" data-element_type=\"column\" data-settings=\"{&quot;background_background&quot;:&quot;classic&quot;}\">\n\t\t\t<div class=\"elementor-widget-wrap elementor-element-populated\">\n\t\t\t\t\t\t\t\t<div class=\"elementor-element elementor-element-4c6dc404 elementor-widget elementor-widget-spacer\" data-id=\"4c6dc404\" data-element_type=\"widget\" data-widget_type=\"spacer.default\">\n\t\t\t\t<div class=\"elementor-widget-container\">\n\t\t\t\t\t<div class=\"elementor-spacer\">\n\t\t\t<div class=\"elementor-spacer-inner\"><\/div>\n\t\t<\/div>\n\t\t\t\t<\/div>\n\t\t\t\t<\/div>\n\t\t\t\t<section class=\"elementor-section elementor-inner-section elementor-element elementor-element-664e57f8 elementor-section-boxed elementor-section-height-default elementor-section-height-default\" data-id=\"664e57f8\" data-element_type=\"section\">\n\t\t\t\t\t\t<div class=\"elementor-container elementor-column-gap-default\">\n\t\t\t\t\t<div class=\"elementor-column elementor-col-50 elementor-inner-column elementor-element elementor-element-6b62670\" data-id=\"6b62670\" data-element_type=\"column\">\n\t\t\t<div class=\"elementor-widget-wrap elementor-element-populated\">\n\t\t\t\t\t\t\t\t<div class=\"elementor-element elementor-element-6335ee2d elementor-widget elementor-widget-image\" data-id=\"6335ee2d\" data-element_type=\"widget\" data-widget_type=\"image.default\">\n\t\t\t\t<div class=\"elementor-widget-container\">\n\t\t\t\t\t\t\t\t\t\t\t\t\t\t\t<img decoding=\"async\" src=\"http:\/\/www.thousandand.one\/wp-content\/uploads\/elementor\/thumbs\/logo_hellblau_45-1-og1nh4flth8ho9s5hqz7gay6i58y0gzbvjx55ct9l0.png\" title=\"THOUSANDANDONE\" alt=\"THOUSANDANDONE\" loading=\"lazy\" \/>\t\t\t\t\t\t\t\t\t\t\t\t\t\t\t<\/div>\n\t\t\t\t<\/div>\n\t\t\t\t\t<\/div>\n\t\t<\/div>\n\t\t\t\t<div class=\"elementor-column elementor-col-50 elementor-inner-column elementor-element elementor-element-35b2c8d4\" data-id=\"35b2c8d4\" data-element_type=\"column\">\n\t\t\t<div class=\"elementor-widget-wrap elementor-element-populated\">\n\t\t\t\t\t\t\t\t<div class=\"elementor-element elementor-element-56a3e3e1 elementor-widget__width-auto elementor-widget elementor-widget-text-editor\" data-id=\"56a3e3e1\" data-element_type=\"widget\" data-widget_type=\"text-editor.default\">\n\t\t\t\t<div class=\"elementor-widget-container\">\n\t\t\t\t\t\t\t<h2>IMPRESSUM<\/h2><p><strong>Dipl. Ing. Norbert Enneking<\/strong><br \/>Architekt und Bauingenieur<\/p>\t\t\t\t\t\t<\/div>\n\t\t\t\t<\/div>\n\t\t\t\t<div class=\"elementor-element elementor-element-2c25b6e7 elementor-widget elementor-widget-text-editor\" data-id=\"2c25b6e7\" data-element_type=\"widget\" data-widget_type=\"text-editor.default\">\n\t\t\t\t<div class=\"elementor-widget-container\">\n\t\t\t\t\t\t\t<p>Dipl. Ing. Norbert Enneking<br \/>Obentrautstra\u00dfe 52<br \/>10963 Berlin<br \/>Germany<br \/>Tel: +49 30 47982938<br \/>Email an THOUSANDANDONE<br \/><a href=\"mailto:cds@thousandand.one\"><img decoding=\"async\" src=\"http:\/\/www.thousandand.one\/wp-content\/uploads\/images\/logo_hellblau_fisch_email.png\" style=\"float: left; width: 190px; height: 32px;\" \/><\/a><\/p>\t\t\t\t\t\t<\/div>\n\t\t\t\t<\/div>\n\t\t\t\t<div class=\"elementor-element elementor-element-80d754f elementor-widget elementor-widget-text-editor\" data-id=\"80d754f\" data-element_type=\"widget\" data-widget_type=\"text-editor.default\">\n\t\t\t\t<div class=\"elementor-widget-container\">\n\t\t\t\t\t\t\t<p><strong>Urheberrecht<\/strong><br \/>Die durch THOUSANDANDONE erstellten Seiten unterliegen dem deutschen Urheberrecht, das gilt auch f\u00fcr die Fotografien. Eine Vervielf\u00e4ltigung, Bearbeitung, Verbreitung und jede Art der Verwertung von Bild und Text au\u00dferhalb der Grenzen des Urheberrechtes ist ohne schriftliche Zustimmung von THOUSANDANDONE nicht gestattet. Downloads und Kopien von Bildern sind nicht gestattet.<\/p>\t\t\t\t\t\t<\/div>\n\t\t\t\t<\/div>\n\t\t\t\t\t<\/div>\n\t\t<\/div>\n\t\t\t\t\t\t\t<\/div>\n\t\t<\/section>\n\t\t\t\t<section class=\"elementor-section elementor-inner-section elementor-element elementor-element-4ff19905 elementor-section-height-min-height elementor-section-boxed elementor-section-height-default\" data-id=\"4ff19905\" data-element_type=\"section\" data-settings=\"{&quot;background_background&quot;:&quot;classic&quot;}\">\n\t\t\t\t\t\t<div class=\"elementor-container elementor-column-gap-default\">\n\t\t\t\t\t<div class=\"elementor-column elementor-col-100 elementor-inner-column elementor-element elementor-element-6ff38e16\" data-id=\"6ff38e16\" data-element_type=\"column\">\n\t\t\t<div class=\"elementor-widget-wrap\">\n\t\t\t\t\t\t\t\t\t<\/div>\n\t\t<\/div>\n\t\t\t\t\t\t\t<\/div>\n\t\t<\/section>\n\t\t\t\t\t<\/div>\n\t\t<\/div>\n\t\t\t\t\t\t\t<\/div>\n\t\t<\/section>\n\t\t\t\t<section class=\"elementor-section elementor-top-section elementor-element elementor-element-18ac04c6 elementor-hidden-desktop elementor-hidden-tablet elementor-section-boxed elementor-section-height-default elementor-section-height-default\" data-id=\"18ac04c6\" data-element_type=\"section\">\n\t\t\t\t\t\t<div class=\"elementor-container elementor-column-gap-wide\">\n\t\t\t\t\t<div class=\"elementor-column elementor-col-100 elementor-top-column elementor-element elementor-element-546bf7ff\" data-id=\"546bf7ff\" data-element_type=\"column\" data-settings=\"{&quot;background_background&quot;:&quot;classic&quot;}\">\n\t\t\t<div class=\"elementor-widget-wrap elementor-element-populated\">\n\t\t\t\t\t\t\t\t<div class=\"elementor-element elementor-element-5e2d3e3c elementor-widget elementor-widget-image\" data-id=\"5e2d3e3c\" data-element_type=\"widget\" data-widget_type=\"image.default\">\n\t\t\t\t<div class=\"elementor-widget-container\">\n\t\t\t\t\t\t\t\t\t\t\t\t\t\t\t<img decoding=\"async\" src=\"http:\/\/www.thousandand.one\/wp-content\/uploads\/elementor\/thumbs\/logo_hellblau_45-1-og1nh4flth8ho9s5hqz7gay6i58y0gzbvjx55ct9l0.png\" title=\"THOUSANDANDONE\" alt=\"THOUSANDANDONE\" loading=\"lazy\" \/>\t\t\t\t\t\t\t\t\t\t\t\t\t\t\t<\/div>\n\t\t\t\t<\/div>\n\t\t\t\t<div class=\"elementor-element elementor-element-77f723ec elementor-widget elementor-widget-text-editor\" data-id=\"77f723ec\" data-element_type=\"widget\" data-widget_type=\"text-editor.default\">\n\t\t\t\t<div class=\"elementor-widget-container\">\n\t\t\t\t\t\t\t<h2>IMPRESSUM<\/h2><p><strong>Dipl. Ing. Norbert Enneking<\/strong><br \/>Architekt und Bauingenieur<\/p>\t\t\t\t\t\t<\/div>\n\t\t\t\t<\/div>\n\t\t\t\t<div class=\"elementor-element elementor-element-2ba684e9 elementor-widget elementor-widget-text-editor\" data-id=\"2ba684e9\" data-element_type=\"widget\" data-widget_type=\"text-editor.default\">\n\t\t\t\t<div class=\"elementor-widget-container\">\n\t\t\t\t\t\t\t<p>Dipl. Ing. Norbert Enneking<br \/>Obentrautstra\u00dfe 52<br \/>10963 Berlin<br \/>Germany<br \/>Tel: +49 30 47982938<br \/>Email an THOUSANDANDONE<br \/><a href=\"mailto:cds@thousandand.one\"><img decoding=\"async\" src=\"http:\/\/www.thousandand.one\/wp-content\/uploads\/images\/logo_hellblau_fisch_email.png\" style=\"float: left; width: 190px; height: 32px;\" \/><\/a><\/p>\t\t\t\t\t\t<\/div>\n\t\t\t\t<\/div>\n\t\t\t\t<div class=\"elementor-element elementor-element-4588c0f elementor-widget elementor-widget-text-editor\" data-id=\"4588c0f\" data-element_type=\"widget\" data-widget_type=\"text-editor.default\">\n\t\t\t\t<div class=\"elementor-widget-container\">\n\t\t\t\t\t\t\t<p><strong>Urheberrecht<\/strong><br \/>Die durch THOUSANDANDONE erstellten Seiten unterliegen dem deutschen Urheberrecht, das gilt auch f\u00fcr die Fotografien. Eine Vervielf\u00e4ltigung, Bearbeitung, Verbreitung und jede Art der Verwertung von Bild und Text au\u00dferhalb der Grenzen des Urheberrechtes ist ohne schriftliche Zustimmung von THOUSANDANDONE nicht gestattet. Downloads und Kopien von Bildern sind nicht gestattet.<\/p>\t\t\t\t\t\t<\/div>\n\t\t\t\t<\/div>\n\t\t\t\t\t<\/div>\n\t\t<\/div>\n\t\t\t\t\t\t\t<\/div>\n\t\t<\/section>\n\t\t\t\t<section class=\"elementor-section elementor-top-section elementor-element elementor-element-7d87fb3c elementor-reverse-mobile elementor-section-full_width elementor-section-height-default elementor-section-height-default\" data-id=\"7d87fb3c\" data-element_type=\"section\" data-settings=\"{&quot;background_background&quot;:&quot;classic&quot;}\">\n\t\t\t\t\t\t\t<div class=\"elementor-background-overlay\"><\/div>\n\t\t\t\t\t\t\t<div class=\"elementor-container elementor-column-gap-wide\">\n\t\t\t\t\t<div class=\"elementor-column elementor-col-33 elementor-top-column elementor-element elementor-element-6b4ae400\" data-id=\"6b4ae400\" data-element_type=\"column\" data-settings=\"{&quot;background_background&quot;:&quot;classic&quot;}\">\n\t\t\t<div class=\"elementor-widget-wrap elementor-element-populated\">\n\t\t\t\t\t\t\t\t<div class=\"elementor-element elementor-element-3a8cea86 elementor-widget__width-initial elementor-fixed elementor-widget elementor-widget-image\" data-id=\"3a8cea86\" data-element_type=\"widget\" data-settings=\"{&quot;_position&quot;:&quot;fixed&quot;}\" data-widget_type=\"image.default\">\n\t\t\t\t<div class=\"elementor-widget-container\">\n\t\t\t\t\t\t\t\t\t\t\t\t\t\t\t<img decoding=\"async\" src=\"http:\/\/www.thousandand.one\/wp-content\/uploads\/elementor\/thumbs\/logo_Icon-og1nhkey7op1asm7y09nrsbr9e601awin2e23equtk.png\" title=\"THOUSANDANDONE\" alt=\"THOUSANDANDONE\" loading=\"lazy\" \/>\t\t\t\t\t\t\t\t\t\t\t\t\t\t\t<\/div>\n\t\t\t\t<\/div>\n\t\t\t\t\t<\/div>\n\t\t<\/div>\n\t\t\t\t<div class=\"elementor-column elementor-col-33 elementor-top-column elementor-element elementor-element-5749d65d\" data-id=\"5749d65d\" data-element_type=\"column\" data-settings=\"{&quot;background_background&quot;:&quot;classic&quot;}\">\n\t\t\t<div class=\"elementor-widget-wrap elementor-element-populated\">\n\t\t\t\t\t\t\t\t<div class=\"elementor-element elementor-element-374b9b7a elementor-widget__width-initial elementor-fixed elementor-widget elementor-widget-image\" data-id=\"374b9b7a\" data-element_type=\"widget\" data-settings=\"{&quot;_position&quot;:&quot;fixed&quot;}\" data-widget_type=\"image.default\">\n\t\t\t\t<div class=\"elementor-widget-container\">\n\t\t\t\t\t\t\t\t\t\t\t\t\t\t\t<img decoding=\"async\" src=\"http:\/\/www.thousandand.one\/wp-content\/uploads\/elementor\/thumbs\/logo_Icon-og1nhkev61py9s7vwq3qhl7uo1mxdwv7xkx4pwjsqs.png\" title=\"THOUSANDANDONE\" alt=\"THOUSANDANDONE\" loading=\"lazy\" \/>\t\t\t\t\t\t\t\t\t\t\t\t\t\t\t<\/div>\n\t\t\t\t<\/div>\n\t\t\t\t<div class=\"elementor-element elementor-element-183d30dc elementor-widget__width-initial elementor-fixed elementor-widget elementor-widget-image\" data-id=\"183d30dc\" data-element_type=\"widget\" data-settings=\"{&quot;_position&quot;:&quot;fixed&quot;}\" data-widget_type=\"image.default\">\n\t\t\t\t<div class=\"elementor-widget-container\">\n\t\t\t\t\t\t\t\t\t\t\t\t\t\t\t<img decoding=\"async\" src=\"http:\/\/www.thousandand.one\/wp-content\/uploads\/elementor\/thumbs\/logo_icon_links-og1m9fvmc1bd8sbbkng8fq2uqv4m1fouj6ejo9z4uc.png\" title=\"logo_icon_links\" alt=\"logo_icon_links\" loading=\"lazy\" \/>\t\t\t\t\t\t\t\t\t\t\t\t\t\t\t<\/div>\n\t\t\t\t<\/div>\n\t\t\t\t\t<\/div>\n\t\t<\/div>\n\t\t\t\t<div class=\"elementor-column elementor-col-33 elementor-top-column elementor-element elementor-element-292a1b9a\" data-id=\"292a1b9a\" data-element_type=\"column\" data-settings=\"{&quot;background_background&quot;:&quot;classic&quot;}\">\n\t\t\t<div class=\"elementor-widget-wrap elementor-element-populated\">\n\t\t\t\t\t\t\t\t<div class=\"elementor-element elementor-element-72e4d286 elementor-widget__width-initial elementor-fixed elementor-widget elementor-widget-image\" data-id=\"72e4d286\" data-element_type=\"widget\" data-settings=\"{&quot;_position&quot;:&quot;fixed&quot;}\" data-widget_type=\"image.default\">\n\t\t\t\t<div class=\"elementor-widget-container\">\n\t\t\t\t\t\t\t\t\t\t\t\t\t\t\t<img decoding=\"async\" src=\"http:\/\/www.thousandand.one\/wp-content\/uploads\/elementor\/thumbs\/logo_icon_links-og1m9fvl46ixms5l5ql2bn8hpiwzdoh4ndtdivhwt8.png\" title=\"logo_icon_links\" alt=\"logo_icon_links\" loading=\"lazy\" \/>\t\t\t\t\t\t\t\t\t\t\t\t\t\t\t<\/div>\n\t\t\t\t<\/div>\n\t\t\t\t\t<\/div>\n\t\t<\/div>\n\t\t\t\t\t\t\t<\/div>\n\t\t<\/section>\n\t\t\t\t\t\t\t<\/div>","protected":false},"excerpt":{"rendered":"<p>IMPRESSUM Dipl. Ing. Norbert Enneking Architekt und Bauingenieur Dipl. Ing. Norbert Enneking Obentrautstra\u00dfe 52 10963 Berlin Germany Tel: +49 30 47982938 Email an THOUSANDANDONE Urheberrecht Die durch THOUSANDANDONE erstellten Seiten unterliegen dem deutschen Urheberrecht, das gilt auch f\u00fcr die Fotografien. Eine Vervielf\u00e4ltigung, Bearbeitung, Verbreitung und jede Art der Verwertung von [&hellip;]<\/p>","protected":false},"author":1,"featured_media":0,"parent":0,"menu_order":0,"comment_status":"closed","ping_status":"closed","template":"elementor_header_footer","meta":{"footnotes":""},"class_list":["post-274","page","type-page","status-publish","hentry"],"yoast_head":"<!-- This site is optimized with the Yoast SEO plugin v21.8 - https:\/\/yoast.com\/wordpress\/plugins\/seo\/ -->\n<title>IMPRESSUM &#8212; THOUSANDANDONE<\/title>\n<meta name=\"description\" content=\"Das umweltfreundliche und abfallfreie Sandschalungs\u00adverfahren Moulding Sand Formwork System\" \/>\n<meta name=\"robots\" content=\"index, follow, max-snippet:-1, max-image-preview:large, max-video-preview:-1\" \/>\n<link rel=\"canonical\" href=\"http:\/\/www.thousandand.one\/en\/impressum\/\" \/>\n<meta property=\"og:locale\" content=\"en_GB\" \/>\n<meta property=\"og:type\" content=\"article\" \/>\n<meta property=\"og:title\" content=\"IMPRESSUM &#8212; THOUSANDANDONE\" \/>\n<meta property=\"og:description\" content=\"Das umweltfreundliche und abfallfreie Sandschalungs\u00adverfahren Moulding Sand Formwork System\" \/>\n<meta property=\"og:url\" content=\"http:\/\/www.thousandand.one\/en\/impressum\/\" \/>\n<meta property=\"og:site_name\" content=\"THOUSANDANDONE\" \/>\n<meta property=\"article:modified_time\" content=\"2019-10-30T18:06:45+00:00\" \/>\n<meta property=\"og:image\" content=\"http:\/\/www.thousandand.one\/wp-content\/uploads\/elementor\/thumbs\/logo_hellblau_45-1-oceh2f7h1ovn6s007x1bjei60cmxmv5wgidcbxfxs4.png\" \/>\n<meta name=\"twitter:card\" content=\"summary_large_image\" \/>\n<meta name=\"twitter:label1\" content=\"Estimated reading time\" \/>\n\t<meta name=\"twitter:data1\" content=\"1 minute\" \/>\n<script type=\"application\/ld+json\" class=\"yoast-schema-graph\">{\"@context\":\"https:\/\/schema.org\",\"@graph\":[{\"@type\":\"WebPage\",\"@id\":\"http:\/\/www.thousandand.one\/impressum\/\",\"url\":\"http:\/\/www.thousandand.one\/impressum\/\",\"name\":\"IMPRESSUM &#8212; THOUSANDANDONE\",\"isPartOf\":{\"@id\":\"http:\/\/www.thousandand.one\/#website\"},\"datePublished\":\"2019-06-11T18:00:02+00:00\",\"dateModified\":\"2019-10-30T18:06:45+00:00\",\"description\":\"Das umweltfreundliche und abfallfreie Sandschalungs\u00adverfahren Moulding Sand Formwork System\",\"breadcrumb\":{\"@id\":\"http:\/\/www.thousandand.one\/impressum\/#breadcrumb\"},\"inLanguage\":\"en-GB\",\"potentialAction\":[{\"@type\":\"ReadAction\",\"target\":[\"http:\/\/www.thousandand.one\/impressum\/\"]}]},{\"@type\":\"BreadcrumbList\",\"@id\":\"http:\/\/www.thousandand.one\/impressum\/#breadcrumb\",\"itemListElement\":[{\"@type\":\"ListItem\",\"position\":1,\"name\":\"Startseite\",\"item\":\"http:\/\/www.thousandand.one\/\"},{\"@type\":\"ListItem\",\"position\":2,\"name\":\"IMPRESSUM\"}]},{\"@type\":\"WebSite\",\"@id\":\"http:\/\/www.thousandand.one\/#website\",\"url\":\"http:\/\/www.thousandand.one\/\",\"name\":\"THOUSANDANDONE\",\"description\":\"CONSTRUCTION DESIGN STUDIO\",\"publisher\":{\"@id\":\"http:\/\/www.thousandand.one\/#\/schema\/person\/68b19c9ea22eb8748c4d569a836e43f1\"},\"potentialAction\":[{\"@type\":\"SearchAction\",\"target\":{\"@type\":\"EntryPoint\",\"urlTemplate\":\"http:\/\/www.thousandand.one\/?s={search_term_string}\"},\"query-input\":\"required name=search_term_string\"}],\"inLanguage\":\"en-GB\"},{\"@type\":[\"Person\",\"Organization\"],\"@id\":\"http:\/\/www.thousandand.one\/#\/schema\/person\/68b19c9ea22eb8748c4d569a836e43f1\",\"name\":\"Norbert Enneking\",\"image\":{\"@type\":\"ImageObject\",\"inLanguage\":\"en-GB\",\"@id\":\"http:\/\/www.thousandand.one\/#\/schema\/person\/image\/\",\"url\":\"http:\/\/www.thousandand.one\/wp-content\/uploads\/2019\/08\/cropped-logo_weiss_Zeile_weiss-1.png\",\"contentUrl\":\"http:\/\/www.thousandand.one\/wp-content\/uploads\/2019\/08\/cropped-logo_weiss_Zeile_weiss-1.png\",\"width\":1415,\"height\":218,\"caption\":\"Norbert Enneking\"},\"logo\":{\"@id\":\"http:\/\/www.thousandand.one\/#\/schema\/person\/image\/\"},\"sameAs\":[\"http:\/\/www.thousandand.one\"]}]}<\/script>\n<!-- \/ Yoast SEO plugin. -->","yoast_head_json":{"title":"IMPRESSUM &#8212; THOUSANDANDONE","description":"The environmentally friendly and waste-free sand formwork system Moulding Sand Formwork System","robots":{"index":"index","follow":"follow","max-snippet":"max-snippet:-1","max-image-preview":"max-image-preview:large","max-video-preview":"max-video-preview:-1"},"canonical":"http:\/\/www.thousandand.one\/en\/impressum\/","og_locale":"en_GB","og_type":"article","og_title":"IMPRESSUM &#8212; THOUSANDANDONE","og_description":"Das umweltfreundliche und abfallfreie Sandschalungs\u00adverfahren Moulding Sand Formwork System","og_url":"http:\/\/www.thousandand.one\/en\/impressum\/","og_site_name":"THOUSANDANDONE","article_modified_time":"2019-10-30T18:06:45+00:00","og_image":[{"url":"http:\/\/www.thousandand.one\/wp-content\/uploads\/elementor\/thumbs\/logo_hellblau_45-1-oceh2f7h1ovn6s007x1bjei60cmxmv5wgidcbxfxs4.png"}],"twitter_card":"summary_large_image","twitter_misc":{"Estimated reading time":"1 minute"},"schema":{"@context":"https:\/\/schema.org","@graph":[{"@type":"WebPage","@id":"http:\/\/www.thousandand.one\/impressum\/","url":"http:\/\/www.thousandand.one\/impressum\/","name":"IMPRESSUM &#8212; THOUSANDANDONE","isPartOf":{"@id":"http:\/\/www.thousandand.one\/#website"},"datePublished":"2019-06-11T18:00:02+00:00","dateModified":"2019-10-30T18:06:45+00:00","description":"The environmentally friendly and waste-free sand formwork system Moulding Sand Formwork System","breadcrumb":{"@id":"http:\/\/www.thousandand.one\/impressum\/#breadcrumb"},"inLanguage":"en-GB","potentialAction":[{"@type":"ReadAction","target":["http:\/\/www.thousandand.one\/impressum\/"]}]},{"@type":"BreadcrumbList","@id":"http:\/\/www.thousandand.one\/impressum\/#breadcrumb","itemListElement":[{"@type":"ListItem","position":1,"name":"Startseite","item":"http:\/\/www.thousandand.one\/"},{"@type":"ListItem","position":2,"name":"IMPRESSUM"}]},{"@type":"WebSite","@id":"http:\/\/www.thousandand.one\/#website","url":"http:\/\/www.thousandand.one\/","name":"THOUSANDANDONE","description":"CONSTRUCTION DESIGN STUDIO","publisher":{"@id":"http:\/\/www.thousandand.one\/#\/schema\/person\/68b19c9ea22eb8748c4d569a836e43f1"},"potentialAction":[{"@type":"SearchAction","target":{"@type":"EntryPoint","urlTemplate":"http:\/\/www.thousandand.one\/?s={search_term_string}"},"query-input":"required name=search_term_string"}],"inLanguage":"en-GB"},{"@type":["Person","Organization"],"@id":"http:\/\/www.thousandand.one\/#\/schema\/person\/68b19c9ea22eb8748c4d569a836e43f1","name":"Norbert Enneking","image":{"@type":"ImageObject","inLanguage":"en-GB","@id":"http:\/\/www.thousandand.one\/#\/schema\/person\/image\/","url":"http:\/\/www.thousandand.one\/wp-content\/uploads\/2019\/08\/cropped-logo_weiss_Zeile_weiss-1.png","contentUrl":"http:\/\/www.thousandand.one\/wp-content\/uploads\/2019\/08\/cropped-logo_weiss_Zeile_weiss-1.png","width":1415,"height":218,"caption":"Norbert Enneking"},"logo":{"@id":"http:\/\/www.thousandand.one\/#\/schema\/person\/image\/"},"sameAs":["http:\/\/www.thousandand.one"]}]}},"_links":{"self":[{"href":"http:\/\/www.thousandand.one\/en\/wp-json\/wp\/v2\/pages\/274","targetHints":{"allow":["GET"]}}],"collection":[{"href":"http:\/\/www.thousandand.one\/en\/wp-json\/wp\/v2\/pages"}],"about":[{"href":"http:\/\/www.thousandand.one\/en\/wp-json\/wp\/v2\/types\/page"}],"author":[{"embeddable":true,"href":"http:\/\/www.thousandand.one\/en\/wp-json\/wp\/v2\/users\/1"}],"replies":[{"embeddable":true,"href":"http:\/\/www.thousandand.one\/en\/wp-json\/wp\/v2\/comments?post=274"}],"version-history":[{"count":73,"href":"http:\/\/www.thousandand.one\/en\/wp-json\/wp\/v2\/pages\/274\/revisions"}],"predecessor-version":[{"id":4638,"href":"http:\/\/www.thousandand.one\/en\/wp-json\/wp\/v2\/pages\/274\/revisions\/4638"}],"wp:attachment":[{"href":"http:\/\/www.thousandand.one\/en\/wp-json\/wp\/v2\/media?parent=274"}],"curies":[{"name":"wp","href":"https:\/\/api.w.org\/{rel}","templated":true}]}}